{"id":14,"date":"2021-09-03T17:39:00","date_gmt":"2021-09-03T17:39:00","guid":{"rendered":"http:\/\/31.217.192.81\/~arktoimi\/?page_id=14"},"modified":"2024-05-28T06:58:41","modified_gmt":"2024-05-28T06:58:41","slug":"etusivu","status":"publish","type":"page","link":"https:\/\/www.arktoimisto.fi\/","title":{"rendered":"Etusivu"},"content":{"rendered":"\t\t<div data-elementor-type=\"wp-page\" data-elementor-id=\"14\" class=\"elementor elementor-14\" data-elementor-settings=\"{&quot;ha_cmc_init_switcher&quot;:&quot;no&quot;}\">\n\t\t\t\t\t\t<section class=\"elementor-section elementor-top-section elementor-element elementor-element-4611e50 elementor-section-boxed elementor-section-height-default elementor-section-height-default\" data-id=\"4611e50\" data-element_type=\"section\" data-e-type=\"section\" data-settings=\"{&quot;background_background&quot;:&quot;slideshow&quot;,&quot;background_slideshow_gallery&quot;:[{&quot;id&quot;:408,&quot;url&quot;:&quot;https:\\\/\\\/www.arktoimisto.fi\\\/wp-content\\\/uploads\\\/2024\\\/05\\\/DSC_3911-1-scaled.jpg&quot;},{&quot;id&quot;:409,&quot;url&quot;:&quot;https:\\\/\\\/www.arktoimisto.fi\\\/wp-content\\\/uploads\\\/2024\\\/05\\\/DSC_3904-1-scaled.jpg&quot;},{&quot;id&quot;:413,&quot;url&quot;:&quot;https:\\\/\\\/www.arktoimisto.fi\\\/wp-content\\\/uploads\\\/2024\\\/05\\\/DSC_3903-1-scaled.jpg&quot;},{&quot;id&quot;:411,&quot;url&quot;:&quot;https:\\\/\\\/www.arktoimisto.fi\\\/wp-content\\\/uploads\\\/2024\\\/05\\\/DSC_4789-scaled.jpg&quot;},{&quot;id&quot;:414,&quot;url&quot;:&quot;https:\\\/\\\/www.arktoimisto.fi\\\/wp-content\\\/uploads\\\/2024\\\/05\\\/DSC_4793-scaled.jpg&quot;}],&quot;background_slideshow_slide_duration&quot;:8000,&quot;background_slideshow_transition_duration&quot;:2000,&quot;background_slideshow_loop&quot;:&quot;yes&quot;,&quot;background_slideshow_slide_transition&quot;:&quot;fade&quot;,&quot;_ha_eqh_enable&quot;:false}\">\n\t\t\t\t\t\t\t<div class=\"elementor-background-overlay\"><\/div>\n\t\t\t\t\t\t\t<div class=\"elementor-container elementor-column-gap-default\">\n\t\t\t\t\t<div class=\"elementor-column elementor-col-100 elementor-top-column elementor-element elementor-element-fe07d09\" data-id=\"fe07d09\" data-element_type=\"column\" data-e-type=\"column\">\n\t\t\t<div class=\"elementor-widget-wrap elementor-element-populated\">\n\t\t\t\t\t\t<div class=\"elementor-element elementor-element-7334338 elementor-widget elementor-widget-image\" data-id=\"7334338\" data-element_type=\"widget\" data-e-type=\"widget\" data-widget_type=\"image.default\">\n\t\t\t\t<div class=\"elementor-widget-container\">\n\t\t\t\t\t\t\t\t\t\t\t\t\t\t\t<img decoding=\"async\" src=\"https:\/\/www.arktoimisto.fi\/wp-content\/uploads\/2024\/05\/Arkkitehtitoimisto-Lappalainen-Korjonen-RGB-valkoinen.png\" title=\"Arkkitehtitoimisto Lappalainen &#038; Korjonen RGB valkoinen\" alt=\"Arkkitehtitoimisto Lappalainen &amp; Korjonen RGB valkoinen\" loading=\"lazy\" \/>\t\t\t\t\t\t\t\t\t\t\t\t\t\t\t<\/div>\n\t\t\t\t<\/div>\n\t\t\t\t<div class=\"elementor-element elementor-element-0ef1091 elementor-widget elementor-widget-heading\" data-id=\"0ef1091\" data-element_type=\"widget\" data-e-type=\"widget\" data-widget_type=\"heading.default\">\n\t\t\t\t<div class=\"elementor-widget-container\">\n\t\t\t\t\t<h2 class=\"elementor-heading-title elementor-size-default\">N\u00e4kemyst\u00e4, kokemusta ja ennakkoluulotonta suunnittelua vuodesta 1984.<\/h2>\t\t\t\t<\/div>\n\t\t\t\t<\/div>\n\t\t\t\t<div class=\"elementor-element elementor-element-3e0feb1 elementor-align-center elementor-widget elementor-widget-button\" data-id=\"3e0feb1\" data-element_type=\"widget\" data-e-type=\"widget\" data-widget_type=\"button.default\">\n\t\t\t\t<div class=\"elementor-widget-container\">\n\t\t\t\t\t\t\t\t\t<div class=\"elementor-button-wrapper\">\n\t\t\t\t\t<a class=\"elementor-button elementor-button-link elementor-size-xs elementor-animation-shrink\" href=\"https:\/\/www.arktoimisto.fi\/index.php\/yhteystiedot\/\">\n\t\t\t\t\t\t<span class=\"elementor-button-content-wrapper\">\n\t\t\t\t\t\t\t\t\t<span class=\"elementor-button-text\">Ota yhteytt\u00e4<\/span>\n\t\t\t\t\t<\/span>\n\t\t\t\t\t<\/a>\n\t\t\t\t<\/div>\n\t\t\t\t\t\t\t\t<\/div>\n\t\t\t\t<\/div>\n\t\t\t\t\t<\/div>\n\t\t<\/div>\n\t\t\t\t\t<\/div>\n\t\t<\/section>\n\t\t\t\t<section class=\"elementor-section elementor-top-section elementor-element elementor-element-81051a6 elementor-section-boxed elementor-section-height-default elementor-section-height-default\" data-id=\"81051a6\" data-element_type=\"section\" data-e-type=\"section\" data-settings=\"{&quot;_ha_eqh_enable&quot;:false}\">\n\t\t\t\t\t\t<div class=\"elementor-container elementor-column-gap-default\">\n\t\t\t\t\t<div class=\"elementor-column elementor-col-100 elementor-top-column elementor-element elementor-element-2faeed6\" data-id=\"2faeed6\" data-element_type=\"column\" data-e-type=\"column\">\n\t\t\t<div class=\"elementor-widget-wrap elementor-element-populated\">\n\t\t\t\t\t\t<section class=\"elementor-section elementor-inner-section elementor-element elementor-element-e90eda8 elementor-section-boxed elementor-section-height-default elementor-section-height-default\" data-id=\"e90eda8\" data-element_type=\"section\" data-e-type=\"section\" data-settings=\"{&quot;background_background&quot;:&quot;classic&quot;,&quot;_ha_eqh_enable&quot;:false}\">\n\t\t\t\t\t\t<div class=\"elementor-container elementor-column-gap-default\">\n\t\t\t\t\t<div class=\"elementor-column elementor-col-50 elementor-inner-column elementor-element elementor-element-1b7dbbb\" data-id=\"1b7dbbb\" data-element_type=\"column\" data-e-type=\"column\">\n\t\t\t<div class=\"elementor-widget-wrap elementor-element-populated\">\n\t\t\t\t\t\t<div data-ha-element-link=\"{&quot;url&quot;:&quot;https:\\\/\\\/www.arktoimisto.fi\\\/index.php\\\/tarinamme\\\/&quot;,&quot;is_external&quot;:&quot;&quot;,&quot;nofollow&quot;:&quot;&quot;}\" style=\"cursor: pointer\" class=\"elementor-element elementor-element-1232c29 elementor-widget elementor-widget-image\" data-id=\"1232c29\" data-element_type=\"widget\" data-e-type=\"widget\" data-widget_type=\"image.default\">\n\t\t\t\t<div class=\"elementor-widget-container\">\n\t\t\t\t\t\t\t\t\t\t\t\t\t\t\t<img fetchpriority=\"high\" decoding=\"async\" width=\"1024\" height=\"684\" src=\"https:\/\/www.arktoimisto.fi\/wp-content\/uploads\/2024\/05\/DSC_4795-1024x684.jpg\" class=\"attachment-large size-large wp-image-401\" alt=\"\" srcset=\"https:\/\/www.arktoimisto.fi\/wp-content\/uploads\/2024\/05\/DSC_4795-1024x684.jpg 1024w, https:\/\/www.arktoimisto.fi\/wp-content\/uploads\/2024\/05\/DSC_4795-300x200.jpg 300w, https:\/\/www.arktoimisto.fi\/wp-content\/uploads\/2024\/05\/DSC_4795-768x513.jpg 768w, https:\/\/www.arktoimisto.fi\/wp-content\/uploads\/2024\/05\/DSC_4795-1536x1025.jpg 1536w, https:\/\/www.arktoimisto.fi\/wp-content\/uploads\/2024\/05\/DSC_4795-2048x1367.jpg 2048w\" sizes=\"(max-width: 1024px) 100vw, 1024px\" \/>\t\t\t\t\t\t\t\t\t\t\t\t\t\t\t<\/div>\n\t\t\t\t<\/div>\n\t\t\t\t\t<\/div>\n\t\t<\/div>\n\t\t\t\t<div class=\"elementor-column elementor-col-50 elementor-inner-column elementor-element elementor-element-c9b0787\" data-id=\"c9b0787\" data-element_type=\"column\" data-e-type=\"column\">\n\t\t\t<div class=\"elementor-widget-wrap elementor-element-populated\">\n\t\t\t\t\t\t<div data-ha-element-link=\"{&quot;url&quot;:&quot;https:\\\/\\\/www.arktoimisto.fi\\\/index.php\\\/tarinamme\\\/&quot;,&quot;is_external&quot;:&quot;&quot;,&quot;nofollow&quot;:&quot;&quot;}\" style=\"cursor: pointer\" class=\"elementor-element elementor-element-aa2855e elementor-widget elementor-widget-heading\" data-id=\"aa2855e\" data-element_type=\"widget\" data-e-type=\"widget\" data-widget_type=\"heading.default\">\n\t\t\t\t<div class=\"elementor-widget-container\">\n\t\t\t\t\t<h2 class=\"elementor-heading-title elementor-size-default\">Tarinamme<\/h2>\t\t\t\t<\/div>\n\t\t\t\t<\/div>\n\t\t\t\t<div data-ha-element-link=\"{&quot;url&quot;:&quot;https:\\\/\\\/www.arktoimisto.fi\\\/index.php\\\/tarinamme\\\/&quot;,&quot;is_external&quot;:&quot;&quot;,&quot;nofollow&quot;:&quot;&quot;}\" style=\"cursor: pointer\" class=\"elementor-element elementor-element-ed5303b elementor-widget elementor-widget-text-editor\" data-id=\"ed5303b\" data-element_type=\"widget\" data-e-type=\"widget\" data-widget_type=\"text-editor.default\">\n\t\t\t\t<div class=\"elementor-widget-container\">\n\t\t\t\t\t\t\t\t\t<p>Arkkitehtitoimisto Lappalainen &amp; Korjonen Oy on perustettu vuonna 1984 Jyrki Lappalaisen ja Markku Korjosen toimesta. Tietotaitoa on kertynyt siis jo 40 vuoden ajalta. Tunnetuimpia suunnittelukohteitamme ovat olleet mm. Hotelli OnnenT\u00e4hti Tuurissa ja Kerubi Stadion Joensuussa.<\/p>\t\t\t\t\t\t\t\t<\/div>\n\t\t\t\t<\/div>\n\t\t\t\t\t<\/div>\n\t\t<\/div>\n\t\t\t\t\t<\/div>\n\t\t<\/section>\n\t\t\t\t\t<\/div>\n\t\t<\/div>\n\t\t\t\t\t<\/div>\n\t\t<\/section>\n\t\t\t\t<section class=\"elementor-section elementor-top-section elementor-element elementor-element-5272cd2 elementor-section-boxed elementor-section-height-default elementor-section-height-default\" data-id=\"5272cd2\" data-element_type=\"section\" data-e-type=\"section\" data-settings=\"{&quot;_ha_eqh_enable&quot;:false}\">\n\t\t\t\t\t\t<div class=\"elementor-container elementor-column-gap-default\">\n\t\t\t\t\t<div class=\"elementor-column elementor-col-100 elementor-top-column elementor-element elementor-element-873b894\" data-id=\"873b894\" data-element_type=\"column\" data-e-type=\"column\">\n\t\t\t<div class=\"elementor-widget-wrap elementor-element-populated\">\n\t\t\t\t\t\t<section class=\"elementor-section elementor-inner-section elementor-element elementor-element-5851e91 elementor-reverse-mobile elementor-section-boxed elementor-section-height-default elementor-section-height-default\" data-id=\"5851e91\" data-element_type=\"section\" data-e-type=\"section\" data-settings=\"{&quot;_ha_eqh_enable&quot;:false}\">\n\t\t\t\t\t\t<div class=\"elementor-container elementor-column-gap-default\">\n\t\t\t\t\t<div class=\"elementor-column elementor-col-50 elementor-inner-column elementor-element elementor-element-2bb1ac7\" data-id=\"2bb1ac7\" data-element_type=\"column\" data-e-type=\"column\">\n\t\t\t<div class=\"elementor-widget-wrap elementor-element-populated\">\n\t\t\t\t\t\t<div data-ha-element-link=\"{&quot;url&quot;:&quot;https:\\\/\\\/www.arktoimisto.fi\\\/index.php\\\/palvelut\\\/&quot;,&quot;is_external&quot;:&quot;&quot;,&quot;nofollow&quot;:&quot;&quot;}\" style=\"cursor: pointer\" class=\"elementor-element elementor-element-4a486f5 elementor-widget elementor-widget-heading\" data-id=\"4a486f5\" data-element_type=\"widget\" data-e-type=\"widget\" data-widget_type=\"heading.default\">\n\t\t\t\t<div class=\"elementor-widget-container\">\n\t\t\t\t\t<h2 class=\"elementor-heading-title elementor-size-default\">Palvelut<\/h2>\t\t\t\t<\/div>\n\t\t\t\t<\/div>\n\t\t\t\t<div data-ha-element-link=\"{&quot;url&quot;:&quot;https:\\\/\\\/www.arktoimisto.fi\\\/index.php\\\/palvelut\\\/&quot;,&quot;is_external&quot;:&quot;&quot;,&quot;nofollow&quot;:&quot;&quot;}\" style=\"cursor: pointer\" class=\"elementor-element elementor-element-6fbbf95 elementor-widget elementor-widget-text-editor\" data-id=\"6fbbf95\" data-element_type=\"widget\" data-e-type=\"widget\" data-widget_type=\"text-editor.default\">\n\t\t\t\t<div class=\"elementor-widget-container\">\n\t\t\t\t\t\t\t\t\t<p>Toimistomme on erikoistunut liikerakennusten sek\u00e4 kerrostalojen suunnitteluun, mutta suunnittelemme my\u00f6s pienempi\u00e4 kohteita. Meilt\u00e4 l\u00f6ytyy AA-luokan suunnittelup\u00e4tevyys ja valmius toimia p\u00e4\u00e4suunnittelijana.<\/p>\t\t\t\t\t\t\t\t<\/div>\n\t\t\t\t<\/div>\n\t\t\t\t\t<\/div>\n\t\t<\/div>\n\t\t\t\t<div class=\"elementor-column elementor-col-50 elementor-inner-column elementor-element elementor-element-dda61c0\" data-id=\"dda61c0\" data-element_type=\"column\" data-e-type=\"column\">\n\t\t\t<div class=\"elementor-widget-wrap elementor-element-populated\">\n\t\t\t\t\t\t<div data-ha-element-link=\"{&quot;url&quot;:&quot;https:\\\/\\\/www.arktoimisto.fi\\\/index.php\\\/palvelut\\\/&quot;,&quot;is_external&quot;:&quot;&quot;,&quot;nofollow&quot;:&quot;&quot;}\" style=\"cursor: pointer\" class=\"elementor-element elementor-element-ca9e949 elementor-widget elementor-widget-image\" data-id=\"ca9e949\" data-element_type=\"widget\" data-e-type=\"widget\" data-widget_type=\"image.default\">\n\t\t\t\t<div class=\"elementor-widget-container\">\n\t\t\t\t\t\t\t\t\t\t\t\t\t\t\t<img decoding=\"async\" width=\"1024\" height=\"684\" src=\"https:\/\/www.arktoimisto.fi\/wp-content\/uploads\/2024\/05\/DSC_3886-1024x684.jpg\" class=\"attachment-large size-large wp-image-486\" alt=\"\" srcset=\"https:\/\/www.arktoimisto.fi\/wp-content\/uploads\/2024\/05\/DSC_3886-1024x684.jpg 1024w, https:\/\/www.arktoimisto.fi\/wp-content\/uploads\/2024\/05\/DSC_3886-300x200.jpg 300w, https:\/\/www.arktoimisto.fi\/wp-content\/uploads\/2024\/05\/DSC_3886-768x513.jpg 768w, https:\/\/www.arktoimisto.fi\/wp-content\/uploads\/2024\/05\/DSC_3886-1536x1025.jpg 1536w, https:\/\/www.arktoimisto.fi\/wp-content\/uploads\/2024\/05\/DSC_3886-2048x1367.jpg 2048w\" sizes=\"(max-width: 1024px) 100vw, 1024px\" \/>\t\t\t\t\t\t\t\t\t\t\t\t\t\t\t<\/div>\n\t\t\t\t<\/div>\n\t\t\t\t\t<\/div>\n\t\t<\/div>\n\t\t\t\t\t<\/div>\n\t\t<\/section>\n\t\t\t\t\t<\/div>\n\t\t<\/div>\n\t\t\t\t\t<\/div>\n\t\t<\/section>\n\t\t\t\t<section class=\"elementor-section elementor-top-section elementor-element elementor-element-a618519 elementor-section-boxed elementor-section-height-default elementor-section-height-default\" data-id=\"a618519\" data-element_type=\"section\" data-e-type=\"section\" data-settings=\"{&quot;_ha_eqh_enable&quot;:false}\">\n\t\t\t\t\t\t<div class=\"elementor-container elementor-column-gap-default\">\n\t\t\t\t\t<div class=\"elementor-column elementor-col-100 elementor-top-column elementor-element elementor-element-f3bfcd8\" data-id=\"f3bfcd8\" data-element_type=\"column\" data-e-type=\"column\">\n\t\t\t<div class=\"elementor-widget-wrap elementor-element-populated\">\n\t\t\t\t\t\t<section class=\"elementor-section elementor-inner-section elementor-element elementor-element-832235a elementor-section-boxed elementor-section-height-default elementor-section-height-default\" data-id=\"832235a\" data-element_type=\"section\" data-e-type=\"section\" data-settings=\"{&quot;_ha_eqh_enable&quot;:false}\">\n\t\t\t\t\t\t<div class=\"elementor-container elementor-column-gap-default\">\n\t\t\t\t\t<div class=\"elementor-column elementor-col-50 elementor-inner-column elementor-element elementor-element-be8e152\" data-id=\"be8e152\" data-element_type=\"column\" data-e-type=\"column\">\n\t\t\t<div class=\"elementor-widget-wrap elementor-element-populated\">\n\t\t\t\t\t\t<div data-ha-element-link=\"{&quot;url&quot;:&quot;https:\\\/\\\/www.arktoimisto.fi\\\/index.php\\\/referenssit\\\/&quot;,&quot;is_external&quot;:&quot;&quot;,&quot;nofollow&quot;:&quot;&quot;}\" style=\"cursor: pointer\" class=\"elementor-element elementor-element-215204c elementor-widget elementor-widget-image\" data-id=\"215204c\" data-element_type=\"widget\" data-e-type=\"widget\" data-widget_type=\"image.default\">\n\t\t\t\t<div class=\"elementor-widget-container\">\n\t\t\t\t\t\t\t\t\t\t\t\t\t\t\t<img decoding=\"async\" width=\"1024\" height=\"684\" src=\"https:\/\/www.arktoimisto.fi\/wp-content\/uploads\/2024\/05\/DSC_3933-Edit-1024x684.jpg\" class=\"attachment-large size-large wp-image-399\" alt=\"\" srcset=\"https:\/\/www.arktoimisto.fi\/wp-content\/uploads\/2024\/05\/DSC_3933-Edit-1024x684.jpg 1024w, https:\/\/www.arktoimisto.fi\/wp-content\/uploads\/2024\/05\/DSC_3933-Edit-300x200.jpg 300w, https:\/\/www.arktoimisto.fi\/wp-content\/uploads\/2024\/05\/DSC_3933-Edit-768x513.jpg 768w, https:\/\/www.arktoimisto.fi\/wp-content\/uploads\/2024\/05\/DSC_3933-Edit-1536x1025.jpg 1536w, https:\/\/www.arktoimisto.fi\/wp-content\/uploads\/2024\/05\/DSC_3933-Edit-2048x1367.jpg 2048w\" sizes=\"(max-width: 1024px) 100vw, 1024px\" \/>\t\t\t\t\t\t\t\t\t\t\t\t\t\t\t<\/div>\n\t\t\t\t<\/div>\n\t\t\t\t\t<\/div>\n\t\t<\/div>\n\t\t\t\t<div class=\"elementor-column elementor-col-50 elementor-inner-column elementor-element elementor-element-3631f68\" data-id=\"3631f68\" data-element_type=\"column\" data-e-type=\"column\">\n\t\t\t<div class=\"elementor-widget-wrap elementor-element-populated\">\n\t\t\t\t\t\t<div data-ha-element-link=\"{&quot;url&quot;:&quot;https:\\\/\\\/www.arktoimisto.fi\\\/index.php\\\/referenssit\\\/&quot;,&quot;is_external&quot;:&quot;&quot;,&quot;nofollow&quot;:&quot;&quot;}\" style=\"cursor: pointer\" class=\"elementor-element elementor-element-44abbbe elementor-widget elementor-widget-heading\" data-id=\"44abbbe\" data-element_type=\"widget\" data-e-type=\"widget\" data-widget_type=\"heading.default\">\n\t\t\t\t<div class=\"elementor-widget-container\">\n\t\t\t\t\t<h2 class=\"elementor-heading-title elementor-size-default\">Referenssit<\/h2>\t\t\t\t<\/div>\n\t\t\t\t<\/div>\n\t\t\t\t<div data-ha-element-link=\"{&quot;url&quot;:&quot;https:\\\/\\\/www.arktoimisto.fi\\\/index.php\\\/referenssit\\\/&quot;,&quot;is_external&quot;:&quot;&quot;,&quot;nofollow&quot;:&quot;&quot;}\" style=\"cursor: pointer\" class=\"elementor-element elementor-element-d30cdb4 elementor-widget elementor-widget-text-editor\" data-id=\"d30cdb4\" data-element_type=\"widget\" data-e-type=\"widget\" data-widget_type=\"text-editor.default\">\n\t\t\t\t<div class=\"elementor-widget-container\">\n\t\t\t\t\t\t\t\t\t<p>Tutustu viimeisimpiin kohteisiimme kuvien avulla.<\/p>\t\t\t\t\t\t\t\t<\/div>\n\t\t\t\t<\/div>\n\t\t\t\t\t<\/div>\n\t\t<\/div>\n\t\t\t\t\t<\/div>\n\t\t<\/section>\n\t\t\t\t\t<\/div>\n\t\t<\/div>\n\t\t\t\t\t<\/div>\n\t\t<\/section>\n\t\t\t\t<section class=\"elementor-section elementor-top-section elementor-element elementor-element-349af6a elementor-section-boxed elementor-section-height-default elementor-section-height-default\" data-id=\"349af6a\" data-element_type=\"section\" data-e-type=\"section\" data-settings=\"{&quot;_ha_eqh_enable&quot;:false}\">\n\t\t\t\t\t\t<div class=\"elementor-container elementor-column-gap-default\">\n\t\t\t\t\t<div class=\"elementor-column elementor-col-100 elementor-top-column elementor-element elementor-element-5990bc0\" data-id=\"5990bc0\" data-element_type=\"column\" data-e-type=\"column\">\n\t\t\t<div class=\"elementor-widget-wrap elementor-element-populated\">\n\t\t\t\t\t\t<section class=\"elementor-section elementor-inner-section elementor-element elementor-element-bb3667a elementor-reverse-mobile elementor-section-boxed elementor-section-height-default elementor-section-height-default\" data-id=\"bb3667a\" data-element_type=\"section\" data-e-type=\"section\" data-settings=\"{&quot;_ha_eqh_enable&quot;:false}\">\n\t\t\t\t\t\t<div class=\"elementor-container elementor-column-gap-default\">\n\t\t\t\t\t<div class=\"elementor-column elementor-col-50 elementor-inner-column elementor-element elementor-element-ed28d21\" data-id=\"ed28d21\" data-element_type=\"column\" data-e-type=\"column\">\n\t\t\t<div class=\"elementor-widget-wrap elementor-element-populated\">\n\t\t\t\t\t\t<div data-ha-element-link=\"{&quot;url&quot;:&quot;https:\\\/\\\/www.arktoimisto.fi\\\/index.php\\\/yhteystiedot\\\/&quot;,&quot;is_external&quot;:&quot;&quot;,&quot;nofollow&quot;:&quot;&quot;}\" style=\"cursor: pointer\" class=\"elementor-element elementor-element-7140c64 elementor-widget elementor-widget-heading\" data-id=\"7140c64\" data-element_type=\"widget\" data-e-type=\"widget\" data-widget_type=\"heading.default\">\n\t\t\t\t<div class=\"elementor-widget-container\">\n\t\t\t\t\t<h2 class=\"elementor-heading-title elementor-size-default\">Yhteystiedot<\/h2>\t\t\t\t<\/div>\n\t\t\t\t<\/div>\n\t\t\t\t<div data-ha-element-link=\"{&quot;url&quot;:&quot;https:\\\/\\\/www.arktoimisto.fi\\\/index.php\\\/yhteystiedot\\\/&quot;,&quot;is_external&quot;:&quot;&quot;,&quot;nofollow&quot;:&quot;&quot;}\" style=\"cursor: pointer\" class=\"elementor-element elementor-element-ff19fcc elementor-widget elementor-widget-text-editor\" data-id=\"ff19fcc\" data-element_type=\"widget\" data-e-type=\"widget\" data-widget_type=\"text-editor.default\">\n\t\t\t\t<div class=\"elementor-widget-container\">\n\t\t\t\t\t\t\t\t\t<p>Ota yhteytt\u00e4 soittamalla tai s\u00e4hk\u00f6postilla.<\/p>\t\t\t\t\t\t\t\t<\/div>\n\t\t\t\t<\/div>\n\t\t\t\t\t<\/div>\n\t\t<\/div>\n\t\t\t\t<div class=\"elementor-column elementor-col-50 elementor-inner-column elementor-element elementor-element-3526543\" data-id=\"3526543\" data-element_type=\"column\" data-e-type=\"column\">\n\t\t\t<div class=\"elementor-widget-wrap elementor-element-populated\">\n\t\t\t\t\t\t<div data-ha-element-link=\"{&quot;url&quot;:&quot;https:\\\/\\\/www.arktoimisto.fi\\\/index.php\\\/yhteystiedot\\\/&quot;,&quot;is_external&quot;:&quot;&quot;,&quot;nofollow&quot;:&quot;&quot;}\" style=\"cursor: pointer\" class=\"elementor-element elementor-element-decfb67 elementor-widget elementor-widget-image\" data-id=\"decfb67\" data-element_type=\"widget\" data-e-type=\"widget\" data-widget_type=\"image.default\">\n\t\t\t\t<div class=\"elementor-widget-container\">\n\t\t\t\t\t\t\t\t\t\t\t\t\t\t\t<img loading=\"lazy\" decoding=\"async\" width=\"1024\" height=\"684\" src=\"https:\/\/www.arktoimisto.fi\/wp-content\/uploads\/2024\/05\/DSC_3904-1024x684.jpg\" class=\"attachment-large size-large wp-image-396\" alt=\"\" srcset=\"https:\/\/www.arktoimisto.fi\/wp-content\/uploads\/2024\/05\/DSC_3904-1024x684.jpg 1024w, https:\/\/www.arktoimisto.fi\/wp-content\/uploads\/2024\/05\/DSC_3904-300x200.jpg 300w, https:\/\/www.arktoimisto.fi\/wp-content\/uploads\/2024\/05\/DSC_3904-768x513.jpg 768w, https:\/\/www.arktoimisto.fi\/wp-content\/uploads\/2024\/05\/DSC_3904-1536x1025.jpg 1536w, https:\/\/www.arktoimisto.fi\/wp-content\/uploads\/2024\/05\/DSC_3904-2048x1367.jpg 2048w\" sizes=\"(max-width: 1024px) 100vw, 1024px\" \/>\t\t\t\t\t\t\t\t\t\t\t\t\t\t\t<\/div>\n\t\t\t\t<\/div>\n\t\t\t\t\t<\/div>\n\t\t<\/div>\n\t\t\t\t\t<\/div>\n\t\t<\/section>\n\t\t\t\t\t<\/div>\n\t\t<\/div>\n\t\t\t\t\t<\/div>\n\t\t<\/section>\n\t\t\t\t<section class=\"elementor-section elementor-top-section elementor-element elementor-element-07242e6 elementor-section-boxed elementor-section-height-default elementor-section-height-default\" data-id=\"07242e6\" data-element_type=\"section\" data-e-type=\"section\" data-settings=\"{&quot;_ha_eqh_enable&quot;:false}\">\n\t\t\t\t\t\t<div class=\"elementor-container elementor-column-gap-default\">\n\t\t\t\t\t<div class=\"elementor-column elementor-col-100 elementor-top-column elementor-element elementor-element-1e98548\" data-id=\"1e98548\" data-element_type=\"column\" data-e-type=\"column\">\n\t\t\t<div class=\"elementor-widget-wrap elementor-element-populated\">\n\t\t\t\t\t\t<div class=\"elementor-element elementor-element-3eb838d elementor-widget elementor-widget-spacer\" data-id=\"3eb838d\" data-element_type=\"widget\" data-e-type=\"widget\" data-widget_type=\"spacer.default\">\n\t\t\t\t<div class=\"elementor-widget-container\">\n\t\t\t\t\t\t\t<div class=\"elementor-spacer\">\n\t\t\t<div class=\"elementor-spacer-inner\"><\/div>\n\t\t<\/div>\n\t\t\t\t\t\t<\/div>\n\t\t\t\t<\/div>\n\t\t\t\t<div class=\"elementor-element elementor-element-0600483 elementor-widget elementor-widget-image\" data-id=\"0600483\" data-element_type=\"widget\" data-e-type=\"widget\" data-widget_type=\"image.default\">\n\t\t\t\t<div class=\"elementor-widget-container\">\n\t\t\t\t\t\t\t\t\t\t\t\t\t\t\t<img loading=\"lazy\" decoding=\"async\" width=\"300\" height=\"85\" src=\"https:\/\/www.arktoimisto.fi\/wp-content\/uploads\/2024\/05\/Yrittajat-logo-300x85.png\" class=\"attachment-medium size-medium wp-image-367\" alt=\"\" srcset=\"https:\/\/www.arktoimisto.fi\/wp-content\/uploads\/2024\/05\/Yrittajat-logo-300x85.png 300w, https:\/\/www.arktoimisto.fi\/wp-content\/uploads\/2024\/05\/Yrittajat-logo.png 600w\" sizes=\"(max-width: 300px) 100vw, 300px\" \/>\t\t\t\t\t\t\t\t\t\t\t\t\t\t\t<\/div>\n\t\t\t\t<\/div>\n\t\t\t\t<div class=\"elementor-element elementor-element-052dbaa elementor-widget elementor-widget-spacer\" data-id=\"052dbaa\" data-element_type=\"widget\" data-e-type=\"widget\" data-widget_type=\"spacer.default\">\n\t\t\t\t<div class=\"elementor-widget-container\">\n\t\t\t\t\t\t\t<div class=\"elementor-spacer\">\n\t\t\t<div class=\"elementor-spacer-inner\"><\/div>\n\t\t<\/div>\n\t\t\t\t\t\t<\/div>\n\t\t\t\t<\/div>\n\t\t\t\t\t<\/div>\n\t\t<\/div>\n\t\t\t\t\t<\/div>\n\t\t<\/section>\n\t\t\t\t<section class=\"elementor-section elementor-top-section elementor-element elementor-element-ec0d337 elementor-section-boxed elementor-section-height-default elementor-section-height-default\" data-id=\"ec0d337\" data-element_type=\"section\" data-e-type=\"section\" data-settings=\"{&quot;_ha_eqh_enable&quot;:false}\">\n\t\t\t\t\t\t<div class=\"elementor-container elementor-column-gap-default\">\n\t\t\t\t\t<div class=\"elementor-column elementor-col-100 elementor-top-column elementor-element elementor-element-48b4285\" data-id=\"48b4285\" data-element_type=\"column\" data-e-type=\"column\">\n\t\t\t<div class=\"elementor-widget-wrap\">\n\t\t\t\t\t\t\t<\/div>\n\t\t<\/div>\n\t\t\t\t\t<\/div>\n\t\t<\/section>\n\t\t\t\t<\/div>\n\t\t","protected":false},"excerpt":{"rendered":"<p>N\u00e4kemyst\u00e4, kokemusta ja ennakkoluulotonta suunnittelua vuodesta 1984. Ota yhteytt\u00e4 Tarinamme Arkkitehtitoimisto Lappalainen &amp; Korjonen Oy on perustettu vuonna 1984 Jyrki Lappalaisen ja Markku Korjosen toimesta. Tietotaitoa on kertynyt siis jo 40 vuoden ajalta. Tunnetuimpia suunnittelukohteitamme ovat olleet mm. Hotelli OnnenT\u00e4hti Tuurissa ja Kerubi Stadion Joensuussa. Palvelut Toimistomme on erikoistunut liikerakennusten sek\u00e4 kerrostalojen suunnitteluun, mutta suunnittelemme [&hellip;]<\/p>\n","protected":false},"author":1,"featured_media":0,"parent":0,"menu_order":0,"comment_status":"closed","ping_status":"closed","template":"elementor_header_footer","meta":{"footnotes":""},"class_list":["post-14","page","type-page","status-publish","hentry","entry"],"_links":{"self":[{"href":"https:\/\/www.arktoimisto.fi\/index.php\/wp-json\/wp\/v2\/pages\/14","targetHints":{"allow":["GET"]}}],"collection":[{"href":"https:\/\/www.arktoimisto.fi\/index.php\/wp-json\/wp\/v2\/pages"}],"about":[{"href":"https:\/\/www.arktoimisto.fi\/index.php\/wp-json\/wp\/v2\/types\/page"}],"author":[{"embeddable":true,"href":"https:\/\/www.arktoimisto.fi\/index.php\/wp-json\/wp\/v2\/users\/1"}],"replies":[{"embeddable":true,"href":"https:\/\/www.arktoimisto.fi\/index.php\/wp-json\/wp\/v2\/comments?post=14"}],"version-history":[{"count":178,"href":"https:\/\/www.arktoimisto.fi\/index.php\/wp-json\/wp\/v2\/pages\/14\/revisions"}],"predecessor-version":[{"id":579,"href":"https:\/\/www.arktoimisto.fi\/index.php\/wp-json\/wp\/v2\/pages\/14\/revisions\/579"}],"wp:attachment":[{"href":"https:\/\/www.arktoimisto.fi\/index.php\/wp-json\/wp\/v2\/media?parent=14"}],"curies":[{"name":"wp","href":"https:\/\/api.w.org\/{rel}","templated":true}]}}